{"id":2150,"date":"2014-04-07T19:47:42","date_gmt":"2014-04-07T17:47:42","guid":{"rendered":"http:\/\/www.iaoe.de\/?page_id=2150"},"modified":"2024-04-24T10:06:59","modified_gmt":"2024-04-24T10:06:59","slug":"impressum","status":"publish","type":"page","link":"https:\/\/iaoe.de\/?page_id=2150","title":{"rendered":"Impressum"},"content":{"rendered":"<p>Dipl.-Ing. (FH) Florian Mayr, Architekt<br \/>\nGeb\u00e4udeenergieberater (HWK)<br \/>\nSachverst\u00e4ndiger nach \u00a73 AVen (BYAK)<br \/>\nSachverst\u00e4ndiger f\u00fcr hygrothermische Bauphysik (eu[z])<br \/>\nVon der Tann Str. 13, 93047 Regensburg<br \/>\n0941 44806804<br \/>\ninfo (\u00e4t) iaoe.de<\/p>\n<p>Florian Mayr ist Mitglied der Bayerischen Architektenkammer, dort mit der Berufsbezeichnung Architekt (verliehen in der\u00a0Bundesrepublik Deutschland) in die Architektenliste eingetragen und demnach berechtigt, eben diese Berufsbezeichnung zu f\u00fchren.<\/p>\n<p>Zust\u00e4ndige Beh\u00f6rde\/Aufsichtsbeh\u00f6rde:<br \/>\nBayerische Architektenkammer<br \/>\nWaisenhausstr. 4, 80637 M\u00fcnchen<br \/>\nTelefon: 089\/139880-0<br \/>\nTelefax: 089\/139880-55<br \/>\nE-Mail: info@byak.de<br \/>\nInternet: www.byak.de<\/p>\n<p>Berufsrechtliche Regelungen:<br \/>\nBayerisches Baukammerngesetz<br \/>\nBerufsordnung\u00a0der Bayerischen Architektenkammer<\/p>\n","protected":false},"excerpt":{"rendered":"<p>Dipl.-Ing. (FH) Florian Mayr, Architekt Geb\u00e4udeenergieberater (HWK) Sachverst\u00e4ndiger nach \u00a73 AVen (BYAK) Sachverst\u00e4ndiger f\u00fcr hygrothermische Bauphysik (eu[z]) Von der Tann Str. 13, 93047 Regensburg 0941 44806804 info (\u00e4t) iaoe.de Florian Mayr ist Mitglied der Bayerischen Architektenkammer, dort mit der Berufsbezeichnung Architekt (verliehen in der\u00a0Bundesrepublik Deutschland) in die Architektenliste eingetragen und demnach berechtigt, eben diese Berufsbezeichnung [&hellip;]<\/p>\n","protected":false},"author":1,"featured_media":0,"parent":0,"menu_order":10,"comment_status":"closed","ping_status":"closed","template":"","meta":{"footnotes":""},"class_list":["post-2150","page","type-page","status-publish","hentry"],"_links":{"self":[{"href":"https:\/\/iaoe.de\/index.php?rest_route=\/wp\/v2\/pages\/2150","targetHints":{"allow":["GET"]}}],"collection":[{"href":"https:\/\/iaoe.de\/index.php?rest_route=\/wp\/v2\/pages"}],"about":[{"href":"https:\/\/iaoe.de\/index.php?rest_route=\/wp\/v2\/types\/page"}],"author":[{"embeddable":true,"href":"https:\/\/iaoe.de\/index.php?rest_route=\/wp\/v2\/users\/1"}],"replies":[{"embeddable":true,"href":"https:\/\/iaoe.de\/index.php?rest_route=%2Fwp%2Fv2%2Fcomments&post=2150"}],"version-history":[{"count":4,"href":"https:\/\/iaoe.de\/index.php?rest_route=\/wp\/v2\/pages\/2150\/revisions"}],"predecessor-version":[{"id":3419,"href":"https:\/\/iaoe.de\/index.php?rest_route=\/wp\/v2\/pages\/2150\/revisions\/3419"}],"wp:attachment":[{"href":"https:\/\/iaoe.de\/index.php?rest_route=%2Fwp%2Fv2%2Fmedia&parent=2150"}],"curies":[{"name":"wp","href":"https:\/\/api.w.org\/{rel}","templated":true}]}}